{"id":12,"date":"2022-08-23T20:58:36","date_gmt":"2022-08-23T20:58:36","guid":{"rendered":"https:\/\/taylorsfineviolins.com\/?page_id=12"},"modified":"2025-12-01T20:51:30","modified_gmt":"2025-12-01T20:51:30","slug":"about-me","status":"publish","type":"page","link":"https:\/\/taylorsfineviolins.com\/es\/about-me\/","title":{"rendered":"Acerca de m\u00ed"},"content":{"rendered":"<!DOCTYPE html PUBLIC \"-\/\/W3C\/\/DTD HTML 4.0 Transitional\/\/EN\" \"http:\/\/www.w3.org\/TR\/REC-html40\/loose.dtd\">\n<html><body><h2>\n\t\t\tTIENDA DE VIOLINES TAYLOR&#039;S FINE VIOLINS\n\t\t<\/h2>\n\t\t\t\t<img decoding=\"async\" src=\"https:\/\/taylorsfineviolins.com\/wp-content\/uploads\/2022\/08\/about1.jpg\" alt=\"A white-haired man wearing a striped blue polo\" itemprop=\"image\" height=\"372\" width=\"275\" title=\"alrededor de 1\" onerror=\"this.style.display='none'\" class=\"no-lazyload\">\n\t\t\t\t<img decoding=\"async\" src=\"https:\/\/taylorsfineviolins.com\/wp-content\/uploads\/2022\/08\/about2.jpg\" alt=\"A black-and-white photo of a man blowing smoke rings\" itemprop=\"image\" height=\"366\" width=\"338\" title=\"sobre 2\" onerror=\"this.style.display='none'\" class=\"no-lazyload\">\n\t<p>Mi maravilloso jefe de violines durante 8 a\u00f1os, Christian Martin Kob, y yo, alrededor de 1982, cuando comenc\u00e9 a aprender en la reparaci\u00f3n de violines.<\/p>\n<h1>\n\t\tHistoria\n\t<\/h1>\n\t<p>Nac\u00ed en 1962 en S\u00eddney, Australia, pero llegu\u00e9 a Estados Unidos muy joven y viv\u00ed all\u00ed hasta 2025. La carpinter\u00eda, la m\u00fasica y los instrumentos musicales han sido una parte importante de casi toda mi vida. Empec\u00e9 terminando mesas y relojes de madera nudosa en la secundaria, con las mejores calificaciones en carpinter\u00eda, pl\u00e1stico y metalister\u00eda. Luego, en la secundaria, constru\u00ed un peque\u00f1o clavicordio con un kit. No estaba contento con lo mal que encajaban las piezas del clavicordio, as\u00ed que alrededor de los 20 a\u00f1os me propuse hacer mi propio clavicordio desde cero, un hermoso clavicordio que result\u00f3 mucho mejor que el kit. Tambi\u00e9n pas\u00e9 tres a\u00f1os dise\u00f1ando, construyendo y vendiendo altavoces para audi\u00f3filos para una empresa llamada Speakercraft, Inc., ahora una megacorporaci\u00f3n.<\/p>\n<p>Alrededor de 1982, mientras buscaba cola de piel para construir mi clavicordio de forma aut\u00e9ntica, visit\u00e9 una peque\u00f1a tienda de violines dirigida por el Sr. Marty Kob (en la foto de arriba) y entabl\u00e9 una maravillosa amistad. Coment\u00f3 que estaba a punto de jubilarse (\u00a1alrededor de los 84 a\u00f1os!) y que necesitaba ayuda en la tienda, y se ofreci\u00f3 a aceptarme como aprendiz. No ten\u00eda suerte vendiendo clavicordios, as\u00ed que aprovech\u00e9 la oportunidad. Poco a poco, trabajando a tiempo parcial intermitentemente durante unos 8 a\u00f1os, aprend\u00ed a reparar violines de forma b\u00e1sica y, tras la jubilaci\u00f3n de Marty, alrededor de 1990, hered\u00e9 sus herramientas y plantillas. Poco despu\u00e9s de trabajar para Marty, empec\u00e9 a trabajar para su amigo arquero y restaurador de violines aqu\u00ed en Redlands, T. Burdell Tenney. Burdell me present\u00f3 la &quot;Biblia&quot; de la restauraci\u00f3n de violines de los luthieres Hans Weisshaar y Margaret Shipman. Por primera vez, me di cuenta de que las reparaciones profesionales de alta calidad no eran tan sencillas como Marty me hab\u00eda ense\u00f1ado. Alrededor de 1992, comenc\u00e9 un aprendizaje de luther\u00eda con Ruth Evans, luthier de Riverside, California. Ella hab\u00eda aprendido a hacer violines con Mario Frosali, luthier italiano residente en Los \u00c1ngeles. Desafortunadamente, casi a la mitad del aprendizaje, me lesion\u00e9 gravemente la mano con el cincel y abandon\u00e9 el aprendizaje sin terminar mi primer viol\u00edn.<\/p>\n<p>Durante los siguientes 12 a\u00f1os me concentr\u00e9 en la fabricaci\u00f3n de 14 clavicordios y varios otros proyectos, incluyendo pinturas abstractas, la creaci\u00f3n de mis propios dise\u00f1os de muebles (ver foto abajo) y la fundaci\u00f3n de mi propia empresa de guitarras el\u00e9ctricas, que fracas\u00f3 (Lyndon Guitars, ver foto abajo). Alrededor de 2005, estaba en la tienda de guitarras local y descubr\u00ed una caja llena de violines viejos en diversos estados de deterioro. Como estaba desempleado en ese momento, \u00a1vi una verdadera oportunidad para volver al negocio de los violines! Con todas mis herramientas a\u00fan en mano, me puse a trabajar en colaboraci\u00f3n con Les, el hijo de Burdell Tenney. Durante los a\u00f1os siguientes, pude comprar todo lo que necesitaba en la tienda de Burdell, ya que \u00e9l la ten\u00eda a la venta y estaba jubilado, con m\u00e1s de 90 a\u00f1os. Le vend\u00ed al por mayor algunos de los materiales y muchos violines a un buen amigo de Los \u00c1ngeles, due\u00f1o de una de las mejores tiendas de violines. Entre ellos, m\u00e1s de 45 kilos de madera de arco de viol\u00edn de Pernambuco, una rareza, y un hermoso viol\u00edn italiano del siglo XVIII, posiblemente cremon\u00e9s, en piezas, que necesit\u00f3 miles de d\u00f3lares en reparaciones. Sigo siendo muy amigo suyo, aunque ahora estoy al otro lado del mundo. Tengo otro buen amigo, un reconocido experto alem\u00e1n en violines en Austria. Tener amigos expertos a quienes puedo recurrir para pedir consejo es fundamental para mi \u00e9xito como restaurador.<\/p>\n<p>Llevo unos 20 a\u00f1os en el negocio de Taylor&#039;s Fine Violins, y mi conocimiento y experiencia han crecido, y estoy aqu\u00ed para ayudar a cada cliente lo mejor que puedo. Es un placer hacer negocios con ustedes.<\/p>\n<p>Atentamente, Lyndon Johann Taylor<\/p>\n\t\t\t\t<img decoding=\"async\" src=\"https:\/\/taylorsfineviolins.com\/wp-content\/uploads\/2022\/08\/c570ab280279c8f391a1ffc91a89eeca.jpg\" alt=\"Handcrafted wooden bench with a striped pattern and decorative legs.\" itemprop=\"image\" height=\"264\" width=\"450\" title=\"c570ab280279c8f391a1ffc91a89eeca\" onerror=\"this.style.display='none'\" class=\"no-lazyload\">\n\tDise\u00f1o de mi mesa de caf\u00e9, 1993<br>\nen madera dura tropical\n\t\t\t\t<img decoding=\"async\" src=\"https:\/\/taylorsfineviolins.com\/wp-content\/uploads\/2022\/08\/5e904bd76caab11428962d27f606f9ac.jpg\" alt=\"Electric guitar with a unique body design on a wooden floor.\" itemprop=\"image\" height=\"264\" width=\"477\" title=\"5e904bd76caab11428962d27f606f9ac\" onerror=\"this.style.display='none'\" class=\"no-lazyload\">\n\tGuitarras Lyndon, 1993<br>\nMadera de Bubinga africana de 12 \u2033 de ancho\n\t\t\t\t<img decoding=\"async\" src=\"https:\/\/taylorsfineviolins.com\/wp-content\/uploads\/2022\/08\/7c7e70b8dcf62719762c8070d7540c5f.jpg\" alt=\"Two violin with dark color\" itemprop=\"image\" height=\"389\" width=\"431\" title=\"7c7e70b8dcf62719762c8070d7540c5f\" onerror=\"this.style.display='none'\" class=\"no-lazyload\">\n\t\t\t\t<img decoding=\"async\" src=\"https:\/\/taylorsfineviolins.com\/wp-content\/uploads\/2022\/08\/a277b6c6b4801e397f9da508abe8f4c8.jpg\" alt=\"Front and back views of a classic wooden violin.\" itemprop=\"image\" height=\"393\" width=\"443\" title=\"a277b6c6b4801e397f9da508abe8f4c8\" onerror=\"this.style.display='none'\" class=\"no-lazyload\">\n\n<\/body><\/html>","protected":false},"excerpt":{"rendered":"<p>TALLER DE VIOLINES TAYLOR&#039;S FINE VIOLINS. Mi maravilloso jefe de violines durante 8 a\u00f1os, Christian Martin Kob, y yo, alrededor de 1982, cuando comenc\u00e9 mi aprendizaje en reparaci\u00f3n de violines. Historia. Nac\u00ed en 1962 en S\u00eddney, Australia, pero llegu\u00e9 a Estados Unidos muy joven y viv\u00ed all\u00ed hasta 2025. La carpinter\u00eda, la m\u00fasica y los instrumentos musicales han\u2026<\/p>","protected":false},"author":1,"featured_media":0,"parent":0,"menu_order":0,"comment_status":"closed","ping_status":"closed","template":"","meta":{"_coblocks_attr":"","_coblocks_dimensions":"","_coblocks_responsive_height":"","_coblocks_accordion_ie_support":"","footnotes":""},"class_list":["post-12","page","type-page","status-publish","hentry"],"yoast_head":"<!-- This site is optimized with the Yoast SEO plugin v27.4 - https:\/\/yoast.com\/product\/yoast-seo-wordpress\/ -->\n<title>About Me | Violin Repair Expert | Taylor\u2019s Fine Violins<\/title>\n<meta name=\"description\" content=\"Head over to the website of Taylor\u2019s Fine Violins in Redlands, CA to read my history as a violin repair expert.\" \/>\n<meta name=\"robots\" content=\"index, follow, max-snippet:-1, max-image-preview:large, max-video-preview:-1\" \/>\n<link rel=\"canonical\" href=\"https:\/\/taylorsfineviolins.com\/es\/about-me\/\" \/>\n<meta property=\"og:locale\" content=\"es_MX\" \/>\n<meta property=\"og:type\" content=\"article\" \/>\n<meta property=\"og:title\" content=\"About Me | Violin Repair Expert | Taylor\u2019s Fine Violins\" \/>\n<meta property=\"og:description\" content=\"Head over to the website of Taylor\u2019s Fine Violins in Redlands, CA to read my history as a violin repair expert.\" \/>\n<meta property=\"og:url\" content=\"https:\/\/taylorsfineviolins.com\/es\/about-me\/\" \/>\n<meta property=\"og:site_name\" content=\"Taylor&#039;s Fine Violins\" \/>\n<meta property=\"article:modified_time\" content=\"2025-12-01T20:51:30+00:00\" \/>\n<meta property=\"og:image\" content=\"https:\/\/taylorsfineviolins.com\/wp-content\/uploads\/2022\/08\/about1.jpg\" \/>\n<meta name=\"twitter:card\" content=\"summary_large_image\" \/>\n<script type=\"application\/ld+json\" class=\"yoast-schema-graph\">{\"@context\":\"https:\\\/\\\/schema.org\",\"@graph\":[{\"@type\":\"WebPage\",\"@id\":\"https:\\\/\\\/taylorsfineviolins.com\\\/en\\\/about-me\\\/\",\"url\":\"https:\\\/\\\/taylorsfineviolins.com\\\/en\\\/about-me\\\/\",\"name\":\"About Me | Violin Repair Expert | Taylor\u2019s Fine Violins\",\"isPartOf\":{\"@id\":\"https:\\\/\\\/taylorsfineviolins.com\\\/en\\\/#website\"},\"primaryImageOfPage\":{\"@id\":\"https:\\\/\\\/taylorsfineviolins.com\\\/en\\\/about-me\\\/#primaryimage\"},\"image\":{\"@id\":\"https:\\\/\\\/taylorsfineviolins.com\\\/en\\\/about-me\\\/#primaryimage\"},\"thumbnailUrl\":\"https:\\\/\\\/taylorsfineviolins.com\\\/wp-content\\\/uploads\\\/2022\\\/08\\\/about1.jpg\",\"datePublished\":\"2022-08-23T20:58:36+00:00\",\"dateModified\":\"2025-12-01T20:51:30+00:00\",\"description\":\"Head over to the website of Taylor\u2019s Fine Violins in Redlands, CA to read my history as a violin repair expert.\",\"breadcrumb\":{\"@id\":\"https:\\\/\\\/taylorsfineviolins.com\\\/en\\\/about-me\\\/#breadcrumb\"},\"inLanguage\":\"es\",\"potentialAction\":[{\"@type\":\"ReadAction\",\"target\":[\"https:\\\/\\\/taylorsfineviolins.com\\\/en\\\/about-me\\\/\"]}]},{\"@type\":\"ImageObject\",\"inLanguage\":\"es\",\"@id\":\"https:\\\/\\\/taylorsfineviolins.com\\\/en\\\/about-me\\\/#primaryimage\",\"url\":\"https:\\\/\\\/taylorsfineviolins.com\\\/wp-content\\\/uploads\\\/2022\\\/08\\\/about1.jpg\",\"contentUrl\":\"https:\\\/\\\/taylorsfineviolins.com\\\/wp-content\\\/uploads\\\/2022\\\/08\\\/about1.jpg\"},{\"@type\":\"BreadcrumbList\",\"@id\":\"https:\\\/\\\/taylorsfineviolins.com\\\/en\\\/about-me\\\/#breadcrumb\",\"itemListElement\":[{\"@type\":\"ListItem\",\"position\":1,\"name\":\"Home\",\"item\":\"https:\\\/\\\/taylorsfineviolins.com\\\/en\\\/\"},{\"@type\":\"ListItem\",\"position\":2,\"name\":\"About Me\"}]},{\"@type\":\"WebSite\",\"@id\":\"https:\\\/\\\/taylorsfineviolins.com\\\/en\\\/#website\",\"url\":\"https:\\\/\\\/taylorsfineviolins.com\\\/en\\\/\",\"name\":\"Taylor&#039;s Fine Violins\",\"description\":\"Honesty is the best policy\",\"potentialAction\":[{\"@type\":\"SearchAction\",\"target\":{\"@type\":\"EntryPoint\",\"urlTemplate\":\"https:\\\/\\\/taylorsfineviolins.com\\\/en\\\/?s={search_term_string}\"},\"query-input\":{\"@type\":\"PropertyValueSpecification\",\"valueRequired\":true,\"valueName\":\"search_term_string\"}}],\"inLanguage\":\"es\"}]}<\/script>\n<!-- \/ Yoast SEO plugin. -->","yoast_head_json":{"title":"Sobre m\u00ed | Experto en reparaci\u00f3n de violines | Taylor&#039;s Fine Violins","description":"Visite el sitio web de Taylor&#039;s Fine Violins en Redlands, CA para leer mi historia como experto en reparaci\u00f3n de violines.","robots":{"index":"index","follow":"follow","max-snippet":"max-snippet:-1","max-image-preview":"max-image-preview:large","max-video-preview":"max-video-preview:-1"},"canonical":"https:\/\/taylorsfineviolins.com\/es\/about-me\/","og_locale":"es_MX","og_type":"article","og_title":"About Me | Violin Repair Expert | Taylor\u2019s Fine Violins","og_description":"Head over to the website of Taylor\u2019s Fine Violins in Redlands, CA to read my history as a violin repair expert.","og_url":"https:\/\/taylorsfineviolins.com\/es\/about-me\/","og_site_name":"Taylor&#039;s Fine Violins","article_modified_time":"2025-12-01T20:51:30+00:00","og_image":[{"url":"https:\/\/taylorsfineviolins.com\/wp-content\/uploads\/2022\/08\/about1.jpg","type":"","width":"","height":""}],"twitter_card":"summary_large_image","schema":{"@context":"https:\/\/schema.org","@graph":[{"@type":"WebPage","@id":"https:\/\/taylorsfineviolins.com\/en\/about-me\/","url":"https:\/\/taylorsfineviolins.com\/en\/about-me\/","name":"Sobre m\u00ed | Experto en reparaci\u00f3n de violines | Taylor&#039;s Fine Violins","isPartOf":{"@id":"https:\/\/taylorsfineviolins.com\/en\/#website"},"primaryImageOfPage":{"@id":"https:\/\/taylorsfineviolins.com\/en\/about-me\/#primaryimage"},"image":{"@id":"https:\/\/taylorsfineviolins.com\/en\/about-me\/#primaryimage"},"thumbnailUrl":"https:\/\/taylorsfineviolins.com\/wp-content\/uploads\/2022\/08\/about1.jpg","datePublished":"2022-08-23T20:58:36+00:00","dateModified":"2025-12-01T20:51:30+00:00","description":"Visite el sitio web de Taylor&#039;s Fine Violins en Redlands, CA para leer mi historia como experto en reparaci\u00f3n de violines.","breadcrumb":{"@id":"https:\/\/taylorsfineviolins.com\/en\/about-me\/#breadcrumb"},"inLanguage":"es","potentialAction":[{"@type":"ReadAction","target":["https:\/\/taylorsfineviolins.com\/en\/about-me\/"]}]},{"@type":"ImageObject","inLanguage":"es","@id":"https:\/\/taylorsfineviolins.com\/en\/about-me\/#primaryimage","url":"https:\/\/taylorsfineviolins.com\/wp-content\/uploads\/2022\/08\/about1.jpg","contentUrl":"https:\/\/taylorsfineviolins.com\/wp-content\/uploads\/2022\/08\/about1.jpg"},{"@type":"BreadcrumbList","@id":"https:\/\/taylorsfineviolins.com\/en\/about-me\/#breadcrumb","itemListElement":[{"@type":"ListItem","position":1,"name":"Home","item":"https:\/\/taylorsfineviolins.com\/en\/"},{"@type":"ListItem","position":2,"name":"About Me"}]},{"@type":"WebSite","@id":"https:\/\/taylorsfineviolins.com\/en\/#website","url":"https:\/\/taylorsfineviolins.com\/en\/","name":"Violines finos de Taylor&amp;#039","description":"La honestidad es la mejor pol\u00edtica","potentialAction":[{"@type":"SearchAction","target":{"@type":"EntryPoint","urlTemplate":"https:\/\/taylorsfineviolins.com\/en\/?s={search_term_string}"},"query-input":{"@type":"PropertyValueSpecification","valueRequired":true,"valueName":"search_term_string"}}],"inLanguage":"es"}]}},"_links":{"self":[{"href":"https:\/\/taylorsfineviolins.com\/es\/wp-json\/wp\/v2\/pages\/12","targetHints":{"allow":["GET"]}}],"collection":[{"href":"https:\/\/taylorsfineviolins.com\/es\/wp-json\/wp\/v2\/pages"}],"about":[{"href":"https:\/\/taylorsfineviolins.com\/es\/wp-json\/wp\/v2\/types\/page"}],"author":[{"embeddable":true,"href":"https:\/\/taylorsfineviolins.com\/es\/wp-json\/wp\/v2\/users\/1"}],"replies":[{"embeddable":true,"href":"https:\/\/taylorsfineviolins.com\/es\/wp-json\/wp\/v2\/comments?post=12"}],"version-history":[{"count":5,"href":"https:\/\/taylorsfineviolins.com\/es\/wp-json\/wp\/v2\/pages\/12\/revisions"}],"predecessor-version":[{"id":526,"href":"https:\/\/taylorsfineviolins.com\/es\/wp-json\/wp\/v2\/pages\/12\/revisions\/526"}],"wp:attachment":[{"href":"https:\/\/taylorsfineviolins.com\/es\/wp-json\/wp\/v2\/media?parent=12"}],"curies":[{"name":"gracias","href":"https:\/\/api.w.org\/{rel}","templated":true}]}}