{"id":14,"date":"2022-08-23T20:58:36","date_gmt":"2022-08-23T20:58:36","guid":{"rendered":"https:\/\/taylorsfineviolins.com\/?page_id=14"},"modified":"2025-12-01T20:51:30","modified_gmt":"2025-12-01T20:51:30","slug":"clavichords","status":"publish","type":"page","link":"https:\/\/taylorsfineviolins.com\/es\/clavichords\/","title":{"rendered":"Clavicordio"},"content":{"rendered":"<!DOCTYPE html PUBLIC \"-\/\/W3C\/\/DTD HTML 4.0 Transitional\/\/EN\" \"http:\/\/www.w3.org\/TR\/REC-html40\/loose.dtd\">\n<html><body><h2>\n\t\t\tTIENDA DE VIOLINES TAYLOR&#039;S FINE VIOLINS\n\t\t<\/h2>\n\t\t\t\t<img decoding=\"async\" src=\"https:\/\/taylorsfineviolins.com\/wp-content\/uploads\/2022\/08\/C1.jpg\" alt=\"Reconstruction of Cembal d'Amour circa 1721\" itemprop=\"image\" height=\"475\" width=\"969\" title=\"C1\" onerror=\"this.style.display='none'\" class=\"no-lazyload\">\n\t<p>Reconstrucci\u00f3n del Cembal d&#039;Amour alrededor de 1721<\/p>\n<h1>\n\t\tEl clavicordio hist\u00f3rico\n\t<\/h1>\n\t<p>Aproximadamente la mitad de mi vida, llena de instrumentos musicales, la he dedicado no a violines, sino a construir copias hist\u00f3ricamente exactas de clavicordios barrocos del siglo XVIII, un instrumento de teclado popular entre m\u00fasicos alemanes como J. S. Bach y C. P. E. Bach, e incluso Haydn y Mozart. El clavicordio es el instrumento de teclado m\u00e1s silencioso, pero en muchos sentidos el que suena m\u00e1s bello y expresivo. Es el \u00fanico teclado que permite tocar vibrato, como en un viol\u00edn, subiendo y bajando la tecla, cambiando el tono notablemente. Si bien toca m\u00e1s fuerte y m\u00e1s suave como un piano, su rango va m\u00e1s de pianissimo a ppp que de forte a piano, como un piano. Su volumen es aproximadamente 1\/4 del de un clavicordio m\u00e1s silencioso. El instrumento que constru\u00ed en la imagen de arriba es una variaci\u00f3n especial e incre\u00edblemente grande del clavicordio llamado Cembal d&#039;Amour, inventado alrededor de 1721 por un famoso organero amigo de J. S. Bach llamado Gottfried Silbermann. Muchos de sus \u00f3rganos a\u00fan se tocan en iglesias de toda Alemania. Este instrumento en particular mide 2,8 metros de ancho y suena algo m\u00e1s fuerte que la mayor\u00eda de los clavicordios, gracias a sus dos tablas sonoras, que golpean las cuerdas justo en el centro, con cuatro cuerdas vibrando por nota en lugar de dos, como el clavicordio, que es m\u00e1s silencioso. Consegu\u00ed que un artista de renombre, que lamentablemente prefiere permanecer en el anonimato, grabara un CD incre\u00edble de este instrumento y otros tres clavicordios que he construido. Gracias a las maravillas de la inform\u00e1tica, el CD completo est\u00e1 disponible en YouTube, y comparto los enlaces a las grabaciones a continuaci\u00f3n.<\/p>\n\t\t\t\t<img decoding=\"async\" src=\"https:\/\/taylorsfineviolins.com\/wp-content\/uploads\/2022\/08\/c2.jpg\" alt=\"Sketch of a clavichord\" itemprop=\"image\" title=\"c2\" onerror=\"this.style.display='none'\" class=\"no-lazyload\">\n\t<p>Dibujo de principios del siglo XVIII del Cembal d&#039;Amour de Silbermann<\/p>\n\t<iframe allowfullscreen=\"\" allow=\"autoplay\" data-src=\"https:\/\/www.youtube.com\/embed\/4gLClRJP0MI?feature=oembed&amp;start&amp;end&amp;wmode=opaque&amp;loop=0&amp;controls=1&amp;mute=0&amp;rel=0&amp;modestbranding=0\" src=\"data:image\/svg+xml;base64,PHN2ZyB3aWR0aD0iMSIgaGVpZ2h0PSIxIiB4bWxucz0iaHR0cDovL3d3dy53My5vcmcvMjAwMC9zdmciPjwvc3ZnPg==\" class=\"lazyload\" data-load-mode=\"1\"><\/iframe>\t\n\t<iframe allowfullscreen=\"\" allow=\"autoplay\" data-src=\"https:\/\/www.youtube.com\/embed\/aICXfF4Kvio?feature=oembed&amp;start&amp;end&amp;wmode=opaque&amp;loop=0&amp;controls=1&amp;mute=0&amp;rel=0&amp;modestbranding=0\" src=\"data:image\/svg+xml;base64,PHN2ZyB3aWR0aD0iMSIgaGVpZ2h0PSIxIiB4bWxucz0iaHR0cDovL3d3dy53My5vcmcvMjAwMC9zdmciPjwvc3ZnPg==\" class=\"lazyload\" data-load-mode=\"1\"><\/iframe>\t\n\t<iframe allowfullscreen=\"\" allow=\"autoplay\" data-src=\"https:\/\/www.youtube.com\/embed\/HhtjDvy-i6Q?feature=oembed&amp;start&amp;end&amp;wmode=opaque&amp;loop=0&amp;controls=1&amp;mute=0&amp;rel=0&amp;modestbranding=0\" src=\"data:image\/svg+xml;base64,PHN2ZyB3aWR0aD0iMSIgaGVpZ2h0PSIxIiB4bWxucz0iaHR0cDovL3d3dy53My5vcmcvMjAwMC9zdmciPjwvc3ZnPg==\" class=\"lazyload\" data-load-mode=\"1\"><\/iframe>\t\n\t<iframe allowfullscreen=\"\" allow=\"autoplay\" data-src=\"https:\/\/www.youtube.com\/embed\/TVH_0SRWZGY?feature=oembed&amp;start&amp;end&amp;wmode=opaque&amp;loop=0&amp;controls=1&amp;mute=0&amp;rel=0&amp;modestbranding=0\" src=\"data:image\/svg+xml;base64,PHN2ZyB3aWR0aD0iMSIgaGVpZ2h0PSIxIiB4bWxucz0iaHR0cDovL3d3dy53My5vcmcvMjAwMC9zdmciPjwvc3ZnPg==\" class=\"lazyload\" data-load-mode=\"1\"><\/iframe>\t\n\t<iframe allowfullscreen=\"\" allow=\"autoplay\" data-src=\"https:\/\/www.youtube.com\/embed\/UHx9ooBRBbY?feature=oembed&amp;start&amp;end&amp;wmode=opaque&amp;loop=0&amp;controls=1&amp;mute=0&amp;rel=0&amp;modestbranding=0\" src=\"data:image\/svg+xml;base64,PHN2ZyB3aWR0aD0iMSIgaGVpZ2h0PSIxIiB4bWxucz0iaHR0cDovL3d3dy53My5vcmcvMjAwMC9zdmciPjwvc3ZnPg==\" class=\"lazyload\" data-load-mode=\"1\"><\/iframe>\t\n\t<p>Aunque siento una gran pasi\u00f3n por el clavicordio y su m\u00fasica, soy un m\u00fasico aficionado consumado (no toco el viol\u00edn) y he construido casi 20 clavicordios, que hoy se vender\u00edan por entre 10.000 y 40.000 chelines, deduciendo todos los gastos y costes leg\u00edtimos de la construcci\u00f3n de clavicordios, se ve que el sueldo es p\u00e9simo. Soy perfeccionista, un fabricante muy lento y meticuloso. Y, cuando llev\u00e9 la contabilidad tras 7 a\u00f1os construyendo clavicordios casi a tiempo completo, mi salario por hora result\u00f3 ser bastante inferior al m\u00ednimo. En mi opini\u00f3n, no vale la pena el esfuerzo que le dediqu\u00e9, ya que el proceso implica arriesgar la vida y la integridad f\u00edsica al usar herramientas el\u00e9ctricas peligrosas. Tras tres accidentes graves con tres herramientas el\u00e9ctricas diferentes, me considero afortunado de conservar todos mis dedos. Me alegr\u00e9 mucho de volver a la relativa cordura del viol\u00edn manual despu\u00e9s de tanto sufrimiento intentando ganarme la vida con los clavicordios. Doy gracias a Dios porque ahora tengo un buen ejemplar de mis teclados para tocar en casa, ya que pas\u00e9 algunos a\u00f1os sin un clavicordio para tocar, ya que vend\u00ed el \u00faltimo que ten\u00eda para pagar las cuentas.<\/p>\n<p>Soy un teclista aficionado. Directamente debajo hay tres videos de YouTube de mi juego. La primera es m\u00eda tocando JS Bach, etc. en el Anon AA-f3. El segundo me muestra tocando mi clavicordio el\u00e9ctrico (ver foto abajo), y el tercero es un p\u00e9ndulo conmigo en el clavicordio el\u00e9ctrico y con mi amigo Hunter en la guitarra el\u00e9ctrica.<\/p>\n\t<iframe width=\"560\" height=\"315\" data-src=\"https:\/\/www.youtube.com\/embed\/GkNjUwEFMZw\" title=\"reproductor de videos de youtube\" frameborder=\"0\" allow=\"accelerometer; autoplay; clipboard-write; encrypted-media; gyroscope; picture-in-picture\" allowfullscreen=\"\" src=\"data:image\/svg+xml;base64,PHN2ZyB3aWR0aD0iMSIgaGVpZ2h0PSIxIiB4bWxucz0iaHR0cDovL3d3dy53My5vcmcvMjAwMC9zdmciPjwvc3ZnPg==\" class=\"lazyload\" data-load-mode=\"1\"><\/iframe>\n\t<iframe width=\"560\" height=\"315\" data-src=\"https:\/\/www.youtube.com\/embed\/QfR-CZlIxC8\" title=\"reproductor de videos de youtube\" frameborder=\"0\" allow=\"accelerometer; autoplay; clipboard-write; encrypted-media; gyroscope; picture-in-picture\" allowfullscreen=\"\" src=\"data:image\/svg+xml;base64,PHN2ZyB3aWR0aD0iMSIgaGVpZ2h0PSIxIiB4bWxucz0iaHR0cDovL3d3dy53My5vcmcvMjAwMC9zdmciPjwvc3ZnPg==\" class=\"lazyload\" data-load-mode=\"1\"><\/iframe>\n\t<iframe width=\"560\" height=\"315\" data-src=\"https:\/\/www.youtube.com\/embed\/1NsCJlchMWI\" title=\"reproductor de videos de youtube\" frameborder=\"0\" allow=\"accelerometer; autoplay; clipboard-write; encrypted-media; gyroscope; picture-in-picture\" allowfullscreen=\"\" src=\"data:image\/svg+xml;base64,PHN2ZyB3aWR0aD0iMSIgaGVpZ2h0PSIxIiB4bWxucz0iaHR0cDovL3d3dy53My5vcmcvMjAwMC9zdmciPjwvc3ZnPg==\" class=\"lazyload\" data-load-mode=\"1\"><\/iframe>\n\t\t\t\t<img decoding=\"async\" src=\"https:\/\/taylorsfineviolins.com\/wp-content\/uploads\/2022\/09\/712b2c52cdc149e6a7c62b3774039d0e.jpg\" alt=\"Close-up of worn piano keys showing age and use.\" itemprop=\"image\" height=\"322\" width=\"771\" title=\"712b2c52cdc149e6a7c62b3774039d0e\" onerror=\"this.style.display='none'\" class=\"no-lazyload\">\n\t<p>Tercer teclado Donat y detalles de incrustaciones<\/p>\n\t\t\t\t<img decoding=\"async\" src=\"https:\/\/taylorsfineviolins.com\/wp-content\/uploads\/2022\/09\/3e1e754a6213ab9c82a5aa80770d8d86.jpg\" alt=\"An antique wooden keyboard instrument with visible keys and strings.\" itemprop=\"image\" title=\"3e1e754a6213ab9c82a5aa80770d8d86\" onerror=\"this.style.display='none'\" class=\"no-lazyload\">\n\t<p>Mi primera copia de Johann Jacob Donat, 1700 Leipzig<\/p>\n\t\t\t\t<img decoding=\"async\" src=\"https:\/\/taylorsfineviolins.com\/wp-content\/uploads\/2022\/09\/a3c0e3934d9dd31dacdaa622634ed3b8.jpg\" alt=\"A wooden harpsichord outdoors on grass casting a shadow.\" itemprop=\"image\" title=\"a3c0e3934d9dd31dacdaa622634ed3b8\" onerror=\"this.style.display='none'\" class=\"no-lazyload\">\n\t<p>Mi copia de Christoph Friederich Schmahl 1787<\/p>\n\t\t\t\t<img decoding=\"async\" src=\"https:\/\/taylorsfineviolins.com\/wp-content\/uploads\/2022\/09\/e534d6aef1487c44babad253120330c5.jpg\" alt=\"Elegant harpsichord with sheet music on display.\" itemprop=\"image\" title=\"e534d6aef1487c44babad253120330c5\" onerror=\"this.style.display='none'\" class=\"no-lazyload\">\n\t<p>Mi tercera copia de Johann Jacob Donat 1700<\/p>\n\t\t\t\t<img decoding=\"async\" src=\"https:\/\/taylorsfineviolins.com\/wp-content\/uploads\/2022\/08\/a201ee82f5131ad70dd0def782625d52.jpg\" alt=\"Close-up of a hammered dulcimer showing strings and keys.\" itemprop=\"image\" title=\"a201ee82f5131ad70dd0def782625d52\" onerror=\"this.style.display='none'\" class=\"no-lazyload\">\n\tMi clavicordio el\u00e9ctrico,<br>\nCon tapa arm\u00f3nica de fresno macizo, cuerdas de acero,<br>\ny pastillas humbucking magn\u00e9ticas hechas a mano\n<\/body><\/html>","protected":false},"excerpt":{"rendered":"<p>TIENDA DE VIOLINES TAYLOR&#039;S FINE VIOLINS Reconstrucci\u00f3n del Cembal d&#039;Amour circa 1721 El clavicordio hist\u00f3rico Casi la mitad de mi vida, llena de instrumentos musicales, la he dedicado no a los violines, sino a construir copias hist\u00f3ricamente exactas de clavicordios barrocos del siglo XVIII, un instrumento de teclado popular entre m\u00fasicos alemanes como J. S. Bach y C. P. E. Bach, e incluso Haydn y Mozart. El\u2026<\/p>","protected":false},"author":1,"featured_media":0,"parent":0,"menu_order":0,"comment_status":"closed","ping_status":"closed","template":"","meta":{"_coblocks_attr":"","_coblocks_dimensions":"","_coblocks_responsive_height":"","_coblocks_accordion_ie_support":"","footnotes":""},"class_list":["post-14","page","type-page","status-publish","hentry"],"yoast_head":"<!-- This site is optimized with the Yoast SEO plugin v27.4 - https:\/\/yoast.com\/product\/yoast-seo-wordpress\/ -->\n<title>Clavichords | Historical Clavichords | Taylor\u2019s Fine Violins<\/title>\n<meta name=\"description\" content=\"Go to the website of Taylor\u2019s Fine Violins, my violin store in Redlands, CA, to learn more about historical clavichords.\" \/>\n<meta name=\"robots\" content=\"index, follow, max-snippet:-1, max-image-preview:large, max-video-preview:-1\" \/>\n<link rel=\"canonical\" href=\"https:\/\/taylorsfineviolins.com\/es\/clavichords\/\" \/>\n<meta property=\"og:locale\" content=\"es_MX\" \/>\n<meta property=\"og:type\" content=\"article\" \/>\n<meta property=\"og:title\" content=\"Clavichords | Historical Clavichords | Taylor\u2019s Fine Violins\" \/>\n<meta property=\"og:description\" content=\"Go to the website of Taylor\u2019s Fine Violins, my violin store in Redlands, CA, to learn more about historical clavichords.\" \/>\n<meta property=\"og:url\" content=\"https:\/\/taylorsfineviolins.com\/es\/clavichords\/\" \/>\n<meta property=\"og:site_name\" content=\"Taylor&#039;s Fine Violins\" \/>\n<meta property=\"article:modified_time\" content=\"2025-12-01T20:51:30+00:00\" \/>\n<meta property=\"og:image\" content=\"https:\/\/taylorsfineviolins.com\/wp-content\/uploads\/2022\/08\/C1.jpg\" \/>\n<meta name=\"twitter:card\" content=\"summary_large_image\" \/>\n<meta name=\"twitter:label1\" content=\"Tiempo de lectura\" \/>\n\t<meta name=\"twitter:data1\" content=\"4 minutos\" \/>\n<script type=\"application\/ld+json\" class=\"yoast-schema-graph\">{\"@context\":\"https:\\\/\\\/schema.org\",\"@graph\":[{\"@type\":\"WebPage\",\"@id\":\"https:\\\/\\\/taylorsfineviolins.com\\\/en\\\/clavichords\\\/\",\"url\":\"https:\\\/\\\/taylorsfineviolins.com\\\/en\\\/clavichords\\\/\",\"name\":\"Clavichords | Historical Clavichords | Taylor\u2019s Fine Violins\",\"isPartOf\":{\"@id\":\"https:\\\/\\\/taylorsfineviolins.com\\\/en\\\/#website\"},\"primaryImageOfPage\":{\"@id\":\"https:\\\/\\\/taylorsfineviolins.com\\\/en\\\/clavichords\\\/#primaryimage\"},\"image\":{\"@id\":\"https:\\\/\\\/taylorsfineviolins.com\\\/en\\\/clavichords\\\/#primaryimage\"},\"thumbnailUrl\":\"https:\\\/\\\/taylorsfineviolins.com\\\/wp-content\\\/uploads\\\/2022\\\/08\\\/C1.jpg\",\"datePublished\":\"2022-08-23T20:58:36+00:00\",\"dateModified\":\"2025-12-01T20:51:30+00:00\",\"description\":\"Go to the website of Taylor\u2019s Fine Violins, my violin store in Redlands, CA, to learn more about historical clavichords.\",\"breadcrumb\":{\"@id\":\"https:\\\/\\\/taylorsfineviolins.com\\\/en\\\/clavichords\\\/#breadcrumb\"},\"inLanguage\":\"es\",\"potentialAction\":[{\"@type\":\"ReadAction\",\"target\":[\"https:\\\/\\\/taylorsfineviolins.com\\\/en\\\/clavichords\\\/\"]}]},{\"@type\":\"ImageObject\",\"inLanguage\":\"es\",\"@id\":\"https:\\\/\\\/taylorsfineviolins.com\\\/en\\\/clavichords\\\/#primaryimage\",\"url\":\"https:\\\/\\\/taylorsfineviolins.com\\\/wp-content\\\/uploads\\\/2022\\\/08\\\/C1.jpg\",\"contentUrl\":\"https:\\\/\\\/taylorsfineviolins.com\\\/wp-content\\\/uploads\\\/2022\\\/08\\\/C1.jpg\"},{\"@type\":\"BreadcrumbList\",\"@id\":\"https:\\\/\\\/taylorsfineviolins.com\\\/en\\\/clavichords\\\/#breadcrumb\",\"itemListElement\":[{\"@type\":\"ListItem\",\"position\":1,\"name\":\"Home\",\"item\":\"https:\\\/\\\/taylorsfineviolins.com\\\/en\\\/\"},{\"@type\":\"ListItem\",\"position\":2,\"name\":\"Clavichords\"}]},{\"@type\":\"WebSite\",\"@id\":\"https:\\\/\\\/taylorsfineviolins.com\\\/en\\\/#website\",\"url\":\"https:\\\/\\\/taylorsfineviolins.com\\\/en\\\/\",\"name\":\"Taylor&#039;s Fine Violins\",\"description\":\"Honesty is the best policy\",\"potentialAction\":[{\"@type\":\"SearchAction\",\"target\":{\"@type\":\"EntryPoint\",\"urlTemplate\":\"https:\\\/\\\/taylorsfineviolins.com\\\/en\\\/?s={search_term_string}\"},\"query-input\":{\"@type\":\"PropertyValueSpecification\",\"valueRequired\":true,\"valueName\":\"search_term_string\"}}],\"inLanguage\":\"es\"}]}<\/script>\n<!-- \/ Yoast SEO plugin. -->","yoast_head_json":{"title":"Clavicordios | Clavicordios hist\u00f3ricos | Violines finos de Taylor","description":"Visite el sitio web de Taylor&#039;s Fine Violins, mi tienda de violines en Redlands, CA, para obtener m\u00e1s informaci\u00f3n sobre los clavicordios hist\u00f3ricos.","robots":{"index":"index","follow":"follow","max-snippet":"max-snippet:-1","max-image-preview":"max-image-preview:large","max-video-preview":"max-video-preview:-1"},"canonical":"https:\/\/taylorsfineviolins.com\/es\/clavichords\/","og_locale":"es_MX","og_type":"article","og_title":"Clavichords | Historical Clavichords | Taylor\u2019s Fine Violins","og_description":"Go to the website of Taylor\u2019s Fine Violins, my violin store in Redlands, CA, to learn more about historical clavichords.","og_url":"https:\/\/taylorsfineviolins.com\/es\/clavichords\/","og_site_name":"Taylor&#039;s Fine Violins","article_modified_time":"2025-12-01T20:51:30+00:00","og_image":[{"url":"https:\/\/taylorsfineviolins.com\/wp-content\/uploads\/2022\/08\/C1.jpg","type":"","width":"","height":""}],"twitter_card":"summary_large_image","twitter_misc":{"Tiempo de lectura":"4 minutos"},"schema":{"@context":"https:\/\/schema.org","@graph":[{"@type":"WebPage","@id":"https:\/\/taylorsfineviolins.com\/en\/clavichords\/","url":"https:\/\/taylorsfineviolins.com\/en\/clavichords\/","name":"Clavicordios | Clavicordios hist\u00f3ricos | Violines finos de Taylor","isPartOf":{"@id":"https:\/\/taylorsfineviolins.com\/en\/#website"},"primaryImageOfPage":{"@id":"https:\/\/taylorsfineviolins.com\/en\/clavichords\/#primaryimage"},"image":{"@id":"https:\/\/taylorsfineviolins.com\/en\/clavichords\/#primaryimage"},"thumbnailUrl":"https:\/\/taylorsfineviolins.com\/wp-content\/uploads\/2022\/08\/C1.jpg","datePublished":"2022-08-23T20:58:36+00:00","dateModified":"2025-12-01T20:51:30+00:00","description":"Visite el sitio web de Taylor&#039;s Fine Violins, mi tienda de violines en Redlands, CA, para obtener m\u00e1s informaci\u00f3n sobre los clavicordios hist\u00f3ricos.","breadcrumb":{"@id":"https:\/\/taylorsfineviolins.com\/en\/clavichords\/#breadcrumb"},"inLanguage":"es","potentialAction":[{"@type":"ReadAction","target":["https:\/\/taylorsfineviolins.com\/en\/clavichords\/"]}]},{"@type":"ImageObject","inLanguage":"es","@id":"https:\/\/taylorsfineviolins.com\/en\/clavichords\/#primaryimage","url":"https:\/\/taylorsfineviolins.com\/wp-content\/uploads\/2022\/08\/C1.jpg","contentUrl":"https:\/\/taylorsfineviolins.com\/wp-content\/uploads\/2022\/08\/C1.jpg"},{"@type":"BreadcrumbList","@id":"https:\/\/taylorsfineviolins.com\/en\/clavichords\/#breadcrumb","itemListElement":[{"@type":"ListItem","position":1,"name":"Home","item":"https:\/\/taylorsfineviolins.com\/en\/"},{"@type":"ListItem","position":2,"name":"Clavichords"}]},{"@type":"WebSite","@id":"https:\/\/taylorsfineviolins.com\/en\/#website","url":"https:\/\/taylorsfineviolins.com\/en\/","name":"Violines finos de Taylor&amp;#039","description":"La honestidad es la mejor pol\u00edtica","potentialAction":[{"@type":"SearchAction","target":{"@type":"EntryPoint","urlTemplate":"https:\/\/taylorsfineviolins.com\/en\/?s={search_term_string}"},"query-input":{"@type":"PropertyValueSpecification","valueRequired":true,"valueName":"search_term_string"}}],"inLanguage":"es"}]}},"_links":{"self":[{"href":"https:\/\/taylorsfineviolins.com\/es\/wp-json\/wp\/v2\/pages\/14","targetHints":{"allow":["GET"]}}],"collection":[{"href":"https:\/\/taylorsfineviolins.com\/es\/wp-json\/wp\/v2\/pages"}],"about":[{"href":"https:\/\/taylorsfineviolins.com\/es\/wp-json\/wp\/v2\/types\/page"}],"author":[{"embeddable":true,"href":"https:\/\/taylorsfineviolins.com\/es\/wp-json\/wp\/v2\/users\/1"}],"replies":[{"embeddable":true,"href":"https:\/\/taylorsfineviolins.com\/es\/wp-json\/wp\/v2\/comments?post=14"}],"version-history":[{"count":5,"href":"https:\/\/taylorsfineviolins.com\/es\/wp-json\/wp\/v2\/pages\/14\/revisions"}],"predecessor-version":[{"id":457,"href":"https:\/\/taylorsfineviolins.com\/es\/wp-json\/wp\/v2\/pages\/14\/revisions\/457"}],"wp:attachment":[{"href":"https:\/\/taylorsfineviolins.com\/es\/wp-json\/wp\/v2\/media?parent=14"}],"curies":[{"name":"gracias","href":"https:\/\/api.w.org\/{rel}","templated":true}]}}