{"id":298,"date":"2022-09-08T06:13:06","date_gmt":"2022-09-08T06:13:06","guid":{"rendered":"https:\/\/taylorsfineviolins.com\/?page_id=298"},"modified":"2025-12-01T20:51:29","modified_gmt":"2025-12-01T20:51:29","slug":"my-art","status":"publish","type":"page","link":"https:\/\/taylorsfineviolins.com\/es\/my-art\/","title":{"rendered":"MI ARTE"},"content":{"rendered":"<!DOCTYPE html PUBLIC \"-\/\/W3C\/\/DTD HTML 4.0 Transitional\/\/EN\" \"http:\/\/www.w3.org\/TR\/REC-html40\/loose.dtd\">\n<html><body><h2>\n\t\t\tTIENDA DE VIOLINES TAYLOR&#039;S FINE VIOLINS\n\t\t<\/h2>\n\t\t\t\t<img decoding=\"async\" src=\"https:\/\/taylorsfineviolins.com\/wp-content\/uploads\/2022\/09\/fddacd6912fe39ab02d095256562b7b9.jpg\" alt=\"Colorful vertical lines with irregular edges on a light background.\" itemprop=\"image\" height=\"534\" width=\"877\" title=\"fddacd6912fe39ab02d095256562b7b9\" onerror=\"this.style.display='none'\" class=\"no-lazyload\">\n\t<p>\u201cBosque encantado\u201d 1982 55\u2033 x 34\u2033<\/p>\n<h1>\n\t\tMI VIDA COMO ARTISTA\n\t<\/h1>\n\t<p>&nbsp;&nbsp;&nbsp;&nbsp;&nbsp;&nbsp;&nbsp;En una de mis breves estancias universitarias en 1979, en la Universidad Andrews de Michigan, mi primo me introdujo al arte abstracto. Jackson Pollock, Helen Frankenthaler y, sobre todo, Morris Louis fueron algunas de mis influencias. Experiment\u00e9 vertiendo \u00f3leo diluido con trementina sobre lienzo enyesado y descubr\u00ed la magia de pintar con colores l\u00edquidos, principalmente en patrones bastante sim\u00e9tricos. Al igual que los maestros del expresionismo abstracto, sol\u00eda trabajar en lienzos grandes: 1,80 m x 1,20 m, 1,20 m x 1,50 m, \u00a1incluso pint\u00e9 un cuadro de 1,80 m x 3 m, el lienzo m\u00e1s grande que pude comprar y que todav\u00eda tengo en mi pared! (Foto abajo). A lo largo de los 80 segu\u00ed pintando, pero no con la intensidad y la perseverancia de artistas &quot;serios&quot; m\u00e1s prol\u00edficos. Vend\u00ed muchas de mis obras y regal\u00e9 m\u00e1s, pero normalmente las vend\u00eda por menos de 1 TP4T100. Mi arte era bastante popular. Present\u00e9 una exposici\u00f3n individual en el Riverside Community College. Tambi\u00e9n pude exponer en una galer\u00eda en Riverside, California, y casi vend\u00ed una por $700.<\/p>\n<p>&nbsp;&nbsp;&nbsp;&nbsp;&nbsp;&nbsp;&nbsp;Despu\u00e9s de los 80, no fue hasta 1999 que volv\u00ed a pintar. La due\u00f1a de una galer\u00eda hab\u00eda visto fotos de mi arte y se ofreci\u00f3 a hacer una exposici\u00f3n individual si produc\u00eda una serie de 20 pinturas bastante peque\u00f1as (para mis est\u00e1ndares). Insisti\u00f3 en que aprendiera a pintar con acr\u00edlicos sobre lienzo crudo, como los famosos expresionistas abstractos que tanto respetaba, en lugar de pintura al \u00f3leo sobre lienzo enyesado como lo hab\u00eda hecho antes. Trabajando con acr\u00edlicos Windsor y Newton disueltos en tazas de agua, decid\u00ed hacer las pinturas con las mismas opciones limitadas de colores puros, 5 o 6 en total. Encontr\u00e9 que la soluci\u00f3n de pintura al agua era menos f\u00e1cil de controlar que la trementina, que a\u00f1ad\u00eda un elemento un poco m\u00e1s aleatorio que el que consegu\u00ed con la pintura al \u00f3leo. Esto tiene que ver con las diferentes viscosidades del agua frente a la trementina. La exposici\u00f3n fue un gran \u00e9xito en cuanto a asistencia; todos mis amigos vinieron, \u00a1pero solo le vend\u00ed un cuadro a mi hermano por $200! Despu\u00e9s de la exposici\u00f3n, vend\u00ed bastantes a amigos, regal\u00e9 algunas y le vend\u00ed otra a mi hermano (\u00a1un tipo genial!). Cinco de estas pinturas de 1999 se muestran a continuaci\u00f3n. La pintura con el asombroso y totalmente inesperado parecido con el continente australiano es la cuarta imagen a continuaci\u00f3n y es la \u00fanica de la serie que a\u00fan conservo.<\/p>\n<p>&nbsp;&nbsp;&nbsp;&nbsp;&nbsp;&nbsp;&nbsp;Ya no me considero un artista de la pintura, pero qui\u00e9n sabe qu\u00e9 me deparar\u00e1 el futuro. Considero mi interpretaci\u00f3n del clavicordio y mi trabajo con el viol\u00edn mi arte, y la principal v\u00eda de escape para mis tendencias art\u00edsticas. La restauraci\u00f3n de violines de calidad es un verdadero arte, \u00a1incluso se podr\u00eda decir que se ha perdido en algunas tiendas! Me encanta mi trabajo y no podr\u00eda imaginar un trabajo m\u00e1s satisfactorio, y agradezco a Dios por las oportunidades que se me han presentado.<\/p>\n\t\t\t\t\t\t\t\t\t<img decoding=\"async\" src=\"https:\/\/taylorsfineviolins.com\/wp-content\/uploads\/2022\/09\/7b7196a1af437aeb00e027240c326afe.jpg\" alt=\"Abstract artwork with colorful vertical stripes in blue, green, yellow, and red.\" itemprop=\"image\" height=\"573\" width=\"929\" srcset=\"https:\/\/taylorsfineviolins.com\/wp-content\/uploads\/2022\/09\/7b7196a1af437aeb00e027240c326afe.jpg 929w, https:\/\/taylorsfineviolins.com\/wp-content\/uploads\/2022\/09\/7b7196a1af437aeb00e027240c326afe-300x185.jpg 300w, https:\/\/taylorsfineviolins.com\/wp-content\/uploads\/2022\/09\/7b7196a1af437aeb00e027240c326afe-768x474.jpg 768w\" sizes=\"(max-width: 929px) 100vw, 929px\" title=\"7b7196a1af437aeb00e027240c326afe\" onerror=\"this.style.display='none'\" class=\"no-lazyload\">\n\t<p>\u201cSelva tropical\u201d 1982 50\u2033 x 31\u2033  <\/p>\n\t\t\t\t\t\t\t\t\t<img decoding=\"async\" src=\"https:\/\/taylorsfineviolins.com\/wp-content\/uploads\/2022\/11\/dd78872b5c08ad42f9b26741361ca3ff-1.png\" alt=\"Abstract watercolor painting with vibrant orange, green, and teal hues blending horizontally.\" itemprop=\"image\" height=\"571\" width=\"933\" srcset=\"https:\/\/taylorsfineviolins.com\/wp-content\/uploads\/2022\/11\/dd78872b5c08ad42f9b26741361ca3ff-1.png 933w, https:\/\/taylorsfineviolins.com\/wp-content\/uploads\/2022\/11\/dd78872b5c08ad42f9b26741361ca3ff-1-300x184.png 300w, https:\/\/taylorsfineviolins.com\/wp-content\/uploads\/2022\/11\/dd78872b5c08ad42f9b26741361ca3ff-1-768x470.png 768w\" sizes=\"(max-width: 933px) 100vw, 933px\" title=\"dd78872b5c08ad42f9b26741361ca3ff (1)\" onerror=\"this.style.display='none'\" class=\"no-lazyload\">\n\t\u201cStanding Still\u201d 1982 6\u2032 x 4\u2032 Colecci\u00f3n del artista<br>\nLo que consider\u00e9 mi mejor pintura,<br>\nun poco peor por el uso.\n\t\t\t\t\t\t\t\t\t<img decoding=\"async\" src=\"https:\/\/taylorsfineviolins.com\/wp-content\/uploads\/2022\/09\/cd4f364d6904a8015b536a761e180bb1.jpg\" alt=\"Abstract painting with vibrant vertical streaks of color and textured splatters.\" itemprop=\"image\" height=\"668\" width=\"893\" srcset=\"https:\/\/taylorsfineviolins.com\/wp-content\/uploads\/2022\/09\/cd4f364d6904a8015b536a761e180bb1.jpg 893w, https:\/\/taylorsfineviolins.com\/wp-content\/uploads\/2022\/09\/cd4f364d6904a8015b536a761e180bb1-300x224.jpg 300w, https:\/\/taylorsfineviolins.com\/wp-content\/uploads\/2022\/09\/cd4f364d6904a8015b536a761e180bb1-768x574.jpg 768w\" sizes=\"(max-width: 893px) 100vw, 893px\" title=\"cd4f364d6904a8015b536a761e180bb1\" onerror=\"this.style.display='none'\" class=\"no-lazyload\">\n\t<p>\u201cSamsara\u201d 1989 10\u2032 x 6\u2032 Colecci\u00f3n del artista<\/p>\n\t\t\t\t\t\t\t\t\t<img decoding=\"async\" src=\"https:\/\/taylorsfineviolins.com\/wp-content\/uploads\/2022\/09\/1c655d8851019acb7681ba7d526c8270.jpg\" alt=\"Abstract paint art blending green, yellow, and purple hues.\" itemprop=\"image\" height=\"552\" width=\"926\" srcset=\"https:\/\/taylorsfineviolins.com\/wp-content\/uploads\/2022\/09\/1c655d8851019acb7681ba7d526c8270.jpg 926w, https:\/\/taylorsfineviolins.com\/wp-content\/uploads\/2022\/09\/1c655d8851019acb7681ba7d526c8270-300x179.jpg 300w, https:\/\/taylorsfineviolins.com\/wp-content\/uploads\/2022\/09\/1c655d8851019acb7681ba7d526c8270-768x458.jpg 768w\" sizes=\"(max-width: 926px) 100vw, 926px\" title=\"1c655d8851019acb7681ba7d526c8270\" onerror=\"this.style.display='none'\" class=\"no-lazyload\">\n\t<p>\u201cAustralia\u201d 1999 34\u2033 x 20\u2033 Colecci\u00f3n del artista<\/p>\n\t\t\t\t\t\t\t\t\t<img decoding=\"async\" src=\"https:\/\/taylorsfineviolins.com\/wp-content\/uploads\/2022\/09\/448ee0cf99853e63d1f3bc5bfb1125df.jpg\" alt=\"Abstract splash of vibrant colors blending on a white background.\" itemprop=\"image\" height=\"694\" width=\"933\" srcset=\"https:\/\/taylorsfineviolins.com\/wp-content\/uploads\/2022\/09\/448ee0cf99853e63d1f3bc5bfb1125df.jpg 933w, https:\/\/taylorsfineviolins.com\/wp-content\/uploads\/2022\/09\/448ee0cf99853e63d1f3bc5bfb1125df-300x223.jpg 300w, https:\/\/taylorsfineviolins.com\/wp-content\/uploads\/2022\/09\/448ee0cf99853e63d1f3bc5bfb1125df-768x571.jpg 768w\" sizes=\"(max-width: 933px) 100vw, 933px\" title=\"448ee0cf99853e63d1f3bc5bfb1125df\" onerror=\"this.style.display='none'\" class=\"no-lazyload\">\n\t<p>\u201cEquus\u201d 1999 28\u2033 x 22\u2033<\/p>\n\t\t\t\t\t\t\t\t\t<img decoding=\"async\" src=\"https:\/\/taylorsfineviolins.com\/wp-content\/uploads\/2022\/09\/1928ce0bac8609e6f27b0c15fb052422.jpg\" alt=\"Abstract watercolor painting with vibrant colors blending and dripping.\" itemprop=\"image\" height=\"664\" width=\"908\" srcset=\"https:\/\/taylorsfineviolins.com\/wp-content\/uploads\/2022\/09\/1928ce0bac8609e6f27b0c15fb052422.jpg 908w, https:\/\/taylorsfineviolins.com\/wp-content\/uploads\/2022\/09\/1928ce0bac8609e6f27b0c15fb052422-300x219.jpg 300w, https:\/\/taylorsfineviolins.com\/wp-content\/uploads\/2022\/09\/1928ce0bac8609e6f27b0c15fb052422-768x562.jpg 768w\" sizes=\"(max-width: 908px) 100vw, 908px\" title=\"1928ce0bac8609e6f27b0c15fb052422\" onerror=\"this.style.display='none'\" class=\"no-lazyload\">\n\t<p>\u201c4 de julio\u201d 1999 28\u2033 x 21\u2033<\/p>\n\t\t\t\t\t\t\t\t\t<img decoding=\"async\" src=\"https:\/\/taylorsfineviolins.com\/wp-content\/uploads\/2022\/09\/f65d3ecd9a84861a34660eda664daad0.jpg\" alt=\"Abstract painting with green, blue, and yellow splashes and dots.\" itemprop=\"image\" height=\"713\" width=\"902\" srcset=\"https:\/\/taylorsfineviolins.com\/wp-content\/uploads\/2022\/09\/f65d3ecd9a84861a34660eda664daad0.jpg 902w, https:\/\/taylorsfineviolins.com\/wp-content\/uploads\/2022\/09\/f65d3ecd9a84861a34660eda664daad0-300x237.jpg 300w, https:\/\/taylorsfineviolins.com\/wp-content\/uploads\/2022\/09\/f65d3ecd9a84861a34660eda664daad0-768x607.jpg 768w\" sizes=\"(max-width: 902px) 100vw, 902px\" title=\"f65d3ecd9a84861a34660eda664daad0\" onerror=\"this.style.display='none'\" class=\"no-lazyload\">\n\t<p>\u201cAqua\u201d 1999 27\u2033 x 21\u2033<\/p>\n\t\t\t\t\t\t\t\t\t<img decoding=\"async\" src=\"https:\/\/taylorsfineviolins.com\/wp-content\/uploads\/2022\/09\/0c8f738777566f9676af62c48c9bf759.jpg\" alt=\"Abstract colorful paint splashes on a white background.\" itemprop=\"image\" height=\"847\" width=\"670\" srcset=\"https:\/\/taylorsfineviolins.com\/wp-content\/uploads\/2022\/09\/0c8f738777566f9676af62c48c9bf759.jpg 670w, https:\/\/taylorsfineviolins.com\/wp-content\/uploads\/2022\/09\/0c8f738777566f9676af62c48c9bf759-237x300.jpg 237w\" sizes=\"(max-width: 670px) 100vw, 670px\" title=\"0c8f738777566f9676af62c48c9bf759\" onerror=\"this.style.display='none'\" class=\"no-lazyload\">\n\t<p>\u201cRamo\u201d 1999 22\u2033 x 27\u2033<\/p>\n<\/body><\/html>","protected":false},"excerpt":{"rendered":"<p>TIENDA DE VIOLINES TAYLOR&#039;S FINE VIOLINS \u201cBosque Encantado\u201d 1982 55\u2033 x 34\u2033 MI VIDA COMO ARTISTA. En una de mis breves estancias universitarias en 1979, en la Universidad Andrews de Michigan, mi primo me introdujo al arte abstracto. Jackson Pollock, Helen Frankenthaler y, especialmente, Morris Louis fueron algunas de mis influencias. Experiment\u00e9 con el vertido\u2026<\/p>","protected":false},"author":3,"featured_media":0,"parent":0,"menu_order":0,"comment_status":"closed","ping_status":"closed","template":"","meta":{"_coblocks_attr":"","_coblocks_dimensions":"","_coblocks_responsive_height":"","_coblocks_accordion_ie_support":"","footnotes":""},"class_list":["post-298","page","type-page","status-publish","hentry"],"yoast_head":"<!-- This site is optimized with the Yoast SEO plugin v27.4 - https:\/\/yoast.com\/product\/yoast-seo-wordpress\/ -->\n<title>MY ART - Taylor&#039;s Fine Violins<\/title>\n<meta name=\"description\" content=\"Taylor&#039;s Fine Violins Violin Shop in Redlands, California offers complete violin sales and repair services.\" \/>\n<meta name=\"robots\" content=\"index, follow, max-snippet:-1, max-image-preview:large, max-video-preview:-1\" \/>\n<link rel=\"canonical\" href=\"https:\/\/taylorsfineviolins.com\/es\/my-art\/\" \/>\n<meta property=\"og:locale\" content=\"es_MX\" \/>\n<meta property=\"og:type\" content=\"article\" \/>\n<meta property=\"og:title\" content=\"MY ART - Taylor&#039;s Fine Violins\" \/>\n<meta property=\"og:description\" content=\"Taylor&#039;s Fine Violins Violin Shop in Redlands, California offers complete violin sales and repair services.\" \/>\n<meta property=\"og:url\" content=\"https:\/\/taylorsfineviolins.com\/es\/my-art\/\" \/>\n<meta property=\"og:site_name\" content=\"Taylor&#039;s Fine Violins\" \/>\n<meta property=\"article:modified_time\" content=\"2025-12-01T20:51:29+00:00\" \/>\n<meta property=\"og:image\" content=\"https:\/\/taylorsfineviolins.com\/wp-content\/uploads\/2022\/09\/fddacd6912fe39ab02d095256562b7b9.jpg\" \/>\n<meta name=\"twitter:card\" content=\"summary_large_image\" \/>\n<meta name=\"twitter:label1\" content=\"Tiempo de lectura\" \/>\n\t<meta name=\"twitter:data1\" content=\"5 minutos\" \/>\n<script type=\"application\/ld+json\" class=\"yoast-schema-graph\">{\"@context\":\"https:\\\/\\\/schema.org\",\"@graph\":[{\"@type\":\"WebPage\",\"@id\":\"https:\\\/\\\/taylorsfineviolins.com\\\/es\\\/my-art\\\/\",\"url\":\"https:\\\/\\\/taylorsfineviolins.com\\\/es\\\/my-art\\\/\",\"name\":\"MY ART - Taylor&#039;s Fine Violins\",\"isPartOf\":{\"@id\":\"https:\\\/\\\/taylorsfineviolins.com\\\/en\\\/#website\"},\"primaryImageOfPage\":{\"@id\":\"https:\\\/\\\/taylorsfineviolins.com\\\/es\\\/my-art\\\/#primaryimage\"},\"image\":{\"@id\":\"https:\\\/\\\/taylorsfineviolins.com\\\/es\\\/my-art\\\/#primaryimage\"},\"thumbnailUrl\":\"https:\\\/\\\/taylorsfineviolins.com\\\/wp-content\\\/uploads\\\/2022\\\/09\\\/fddacd6912fe39ab02d095256562b7b9.jpg\",\"datePublished\":\"2022-09-08T06:13:06+00:00\",\"dateModified\":\"2025-12-01T20:51:29+00:00\",\"description\":\"Taylor's Fine Violins Violin Shop in Redlands, California offers complete violin sales and repair services.\",\"breadcrumb\":{\"@id\":\"https:\\\/\\\/taylorsfineviolins.com\\\/es\\\/my-art\\\/#breadcrumb\"},\"inLanguage\":\"es\",\"potentialAction\":[{\"@type\":\"ReadAction\",\"target\":[\"https:\\\/\\\/taylorsfineviolins.com\\\/es\\\/my-art\\\/\"]}]},{\"@type\":\"ImageObject\",\"inLanguage\":\"es\",\"@id\":\"https:\\\/\\\/taylorsfineviolins.com\\\/es\\\/my-art\\\/#primaryimage\",\"url\":\"https:\\\/\\\/taylorsfineviolins.com\\\/wp-content\\\/uploads\\\/2022\\\/09\\\/fddacd6912fe39ab02d095256562b7b9.jpg\",\"contentUrl\":\"https:\\\/\\\/taylorsfineviolins.com\\\/wp-content\\\/uploads\\\/2022\\\/09\\\/fddacd6912fe39ab02d095256562b7b9.jpg\"},{\"@type\":\"BreadcrumbList\",\"@id\":\"https:\\\/\\\/taylorsfineviolins.com\\\/es\\\/my-art\\\/#breadcrumb\",\"itemListElement\":[{\"@type\":\"ListItem\",\"position\":1,\"name\":\"Home\",\"item\":\"https:\\\/\\\/taylorsfineviolins.com\\\/en\\\/\"},{\"@type\":\"ListItem\",\"position\":2,\"name\":\"MY ART\"}]},{\"@type\":\"WebSite\",\"@id\":\"https:\\\/\\\/taylorsfineviolins.com\\\/en\\\/#website\",\"url\":\"https:\\\/\\\/taylorsfineviolins.com\\\/en\\\/\",\"name\":\"Taylor&#039;s Fine Violins\",\"description\":\"Honesty is the best policy\",\"potentialAction\":[{\"@type\":\"SearchAction\",\"target\":{\"@type\":\"EntryPoint\",\"urlTemplate\":\"https:\\\/\\\/taylorsfineviolins.com\\\/en\\\/?s={search_term_string}\"},\"query-input\":{\"@type\":\"PropertyValueSpecification\",\"valueRequired\":true,\"valueName\":\"search_term_string\"}}],\"inLanguage\":\"es\"}]}<\/script>\n<!-- \/ Yoast SEO plugin. -->","yoast_head_json":{"title":"MI ARTE - Violines finos de Taylor","description":"La tienda de violines Taylor&#039;s Fine Violins en Redlands, California, ofrece servicios completos de venta y reparaci\u00f3n de violines.","robots":{"index":"index","follow":"follow","max-snippet":"max-snippet:-1","max-image-preview":"max-image-preview:large","max-video-preview":"max-video-preview:-1"},"canonical":"https:\/\/taylorsfineviolins.com\/es\/my-art\/","og_locale":"es_MX","og_type":"article","og_title":"MY ART - Taylor&#039;s Fine Violins","og_description":"Taylor's Fine Violins Violin Shop in Redlands, California offers complete violin sales and repair services.","og_url":"https:\/\/taylorsfineviolins.com\/es\/my-art\/","og_site_name":"Taylor&#039;s Fine Violins","article_modified_time":"2025-12-01T20:51:29+00:00","og_image":[{"url":"https:\/\/taylorsfineviolins.com\/wp-content\/uploads\/2022\/09\/fddacd6912fe39ab02d095256562b7b9.jpg","type":"","width":"","height":""}],"twitter_card":"summary_large_image","twitter_misc":{"Tiempo de lectura":"5 minutos"},"schema":{"@context":"https:\/\/schema.org","@graph":[{"@type":"WebPage","@id":"https:\/\/taylorsfineviolins.com\/es\/my-art\/","url":"https:\/\/taylorsfineviolins.com\/es\/my-art\/","name":"MI ARTE - Violines finos de Taylor","isPartOf":{"@id":"https:\/\/taylorsfineviolins.com\/en\/#website"},"primaryImageOfPage":{"@id":"https:\/\/taylorsfineviolins.com\/es\/my-art\/#primaryimage"},"image":{"@id":"https:\/\/taylorsfineviolins.com\/es\/my-art\/#primaryimage"},"thumbnailUrl":"https:\/\/taylorsfineviolins.com\/wp-content\/uploads\/2022\/09\/fddacd6912fe39ab02d095256562b7b9.jpg","datePublished":"2022-09-08T06:13:06+00:00","dateModified":"2025-12-01T20:51:29+00:00","description":"La tienda de violines Taylor&#039;s Fine Violins en Redlands, California, ofrece servicios completos de venta y reparaci\u00f3n de violines.","breadcrumb":{"@id":"https:\/\/taylorsfineviolins.com\/es\/my-art\/#breadcrumb"},"inLanguage":"es","potentialAction":[{"@type":"ReadAction","target":["https:\/\/taylorsfineviolins.com\/es\/my-art\/"]}]},{"@type":"ImageObject","inLanguage":"es","@id":"https:\/\/taylorsfineviolins.com\/es\/my-art\/#primaryimage","url":"https:\/\/taylorsfineviolins.com\/wp-content\/uploads\/2022\/09\/fddacd6912fe39ab02d095256562b7b9.jpg","contentUrl":"https:\/\/taylorsfineviolins.com\/wp-content\/uploads\/2022\/09\/fddacd6912fe39ab02d095256562b7b9.jpg"},{"@type":"BreadcrumbList","@id":"https:\/\/taylorsfineviolins.com\/es\/my-art\/#breadcrumb","itemListElement":[{"@type":"ListItem","position":1,"name":"Home","item":"https:\/\/taylorsfineviolins.com\/en\/"},{"@type":"ListItem","position":2,"name":"MY ART"}]},{"@type":"WebSite","@id":"https:\/\/taylorsfineviolins.com\/en\/#website","url":"https:\/\/taylorsfineviolins.com\/en\/","name":"Violines finos de Taylor&amp;#039","description":"La honestidad es la mejor pol\u00edtica","potentialAction":[{"@type":"SearchAction","target":{"@type":"EntryPoint","urlTemplate":"https:\/\/taylorsfineviolins.com\/en\/?s={search_term_string}"},"query-input":{"@type":"PropertyValueSpecification","valueRequired":true,"valueName":"search_term_string"}}],"inLanguage":"es"}]}},"_links":{"self":[{"href":"https:\/\/taylorsfineviolins.com\/es\/wp-json\/wp\/v2\/pages\/298","targetHints":{"allow":["GET"]}}],"collection":[{"href":"https:\/\/taylorsfineviolins.com\/es\/wp-json\/wp\/v2\/pages"}],"about":[{"href":"https:\/\/taylorsfineviolins.com\/es\/wp-json\/wp\/v2\/types\/page"}],"author":[{"embeddable":true,"href":"https:\/\/taylorsfineviolins.com\/es\/wp-json\/wp\/v2\/users\/3"}],"replies":[{"embeddable":true,"href":"https:\/\/taylorsfineviolins.com\/es\/wp-json\/wp\/v2\/comments?post=298"}],"version-history":[{"count":6,"href":"https:\/\/taylorsfineviolins.com\/es\/wp-json\/wp\/v2\/pages\/298\/revisions"}],"predecessor-version":[{"id":472,"href":"https:\/\/taylorsfineviolins.com\/es\/wp-json\/wp\/v2\/pages\/298\/revisions\/472"}],"wp:attachment":[{"href":"https:\/\/taylorsfineviolins.com\/es\/wp-json\/wp\/v2\/media?parent=298"}],"curies":[{"name":"gracias","href":"https:\/\/api.w.org\/{rel}","templated":true}]}}