{"id":8,"date":"2022-08-23T20:58:35","date_gmt":"2022-08-23T20:58:35","guid":{"rendered":"https:\/\/taylorsfineviolins.com\/?page_id=8"},"modified":"2026-01-21T17:47:24","modified_gmt":"2026-01-21T17:47:24","slug":"home","status":"publish","type":"page","link":"https:\/\/taylorsfineviolins.com\/es\/","title":{"rendered":"Hogar"},"content":{"rendered":"<h2>\n\t\t\tTIENDA DE VIOLINES TAYLOR&#039;S FINE VIOLINS en Orange, NSW\n\t\t<\/h2>\n\t\t\t<p>LA TIENDA DE VIOL\u00cdN<\/p>\t\t\n\t\t\t\t<img decoding=\"async\" src=\"https:\/\/taylorsfineviolins.com\/wp-content\/uploads\/2023\/05\/Untitled-design-32.png\" alt=\"Close-up of a worn violin showing its strings and f-holes.\" itemprop=\"image\" height=\"406\" width=\"255\" title=\"Dise\u00f1o sin t\u00edtulo (32)\" onerror=\"this.style.display='none'\" class=\"no-lazyload\" \/>\n\t\t\t\t<img decoding=\"async\" src=\"https:\/\/taylorsfineviolins.com\/wp-content\/uploads\/2022\/09\/8ab08e0b5a8eb8bb6a84c78c4bdea811.jpg\" alt=\"Lyndon smiling\" itemprop=\"image\" height=\"284\" width=\"204\" title=\"8ab08e0b5a8eb8bb6a84c78c4bdea811\" onerror=\"this.style.display='none'\" class=\"no-lazyload\" \/>\n<h2>\n\t\tLyndon J. Taylor\n\t<\/h2>\n\t\t\t\t<img decoding=\"async\" src=\"https:\/\/taylorsfineviolins.com\/wp-content\/uploads\/2022\/09\/206c132c038866ae1c8d9d4859277d60.jpg\" alt=\"Violin 2\" itemprop=\"image\" height=\"406\" width=\"255\" title=\"206c132c038866ae1c8d9d4859277d60\" onerror=\"this.style.display='none'\" class=\"no-lazyload\" \/>\n\t\t\t\t<img decoding=\"async\" src=\"https:\/\/taylorsfineviolins.com\/wp-content\/uploads\/2022\/09\/c00febde183cf87beba0bf5afb271cca.jpg\" alt=\"Violin 3\" itemprop=\"image\" height=\"406\" width=\"235\" title=\"c00febde183cf87beba0bf5afb271cca\" onerror=\"this.style.display='none'\" class=\"no-lazyload\" \/>\n\t\t<h1>\n\t\t\tTienda de violines Taylor&#039;s Fine Violins\n\t\t<\/h1>\n\t\t\t<p>Su especialista en violines antiguos<\/p>\t\t\n\t\t\t<a href=\"\/about-me\/\" target=\"_self\">\n\t\t\t\t\t\t\tAprende m\u00e1s\n\t\t\t\t\t<\/a>\n\t<p>Tenga en cuenta que prefiero atender con cita previa, as\u00ed que llame primero. Lunes a s\u00e1bado, de 10:00 a 19:00. (02 6394 6424)<\/p>\n<p>La tienda de violines Taylor&#039;s Fine Violins ahora es Taylor&#039;s Fine Violins, Orange. Nos hemos mudado del sur de California a Orange, Nueva Gales del Sur (Australia). Dir\u00edjase al sureste desde el centro de Orange por la autopista Mitchell (Bathurst Road), gire a la derecha en Lone Pine justo antes de Harvey Norman e inmediatamente a la derecha en Orchard Grove Rd. Nuestra tienda est\u00e1 en 8A Orchard Grove Rd, la tercera casa a la derecha.\u2018<\/p>\n<p>Nos especializamos en la venta, restauraci\u00f3n, reparaci\u00f3n y compra de violines modernos, barrocos y de transici\u00f3n. Principalmente restauro y vendo antig\u00fcedades aut\u00e9nticas, instrumentos con 100 a\u00f1os o m\u00e1s. No vendo instrumentos nuevos, a diferencia de la mayor\u00eda de mis competidores, que suelen vender violines chinos nuevos de producci\u00f3n en masa para estudiantes e intermedios. En mi humilde opini\u00f3n, vendo antig\u00fcedades con mejor sonido a un precio similar.<\/p>\n<p>Mi tienda de violines atiende a todo aficcionado de todo tipo de m\u00fasica y cuenta con instrumentos que atraen a una amplia gama de gustos musicales, especialmente instrumentos que muestran signos de d\u00e9cadas de uso a trav\u00e9s del desgaste natural, no artificial, del instrumento y del barniz. <a href=\"https:\/\/taylorsfineviolins.com\/for-sale\/\">(Instrumentos en venta)<\/a><\/p>\n<p>Adem\u00e1s de las reparaciones cuidadosas y competentes del viol\u00edn, dedico mucho tiempo a la instalaci\u00f3n; Puente, poste de sonido, clavijas y diapas\u00f3n, para obtener el mejor sonido posible de todos y cada uno de los instrumentos en los que trabajo. Valoro mis instrumentos bastante razonablemente, puede que te sorprendan gratamente mis precios. Si bien tengo algunos instrumentos selectos de gama alta, me especializo en violines asequibles para estudiantes y de grado intermedio.<\/p>\n<p>Mis precios de reparaci\u00f3n tambi\u00e9n son razonables: $100AUD por la instalaci\u00f3n de un puente, $75 por la instalaci\u00f3n de una barra de sonido, $150 por la instalaci\u00f3n de un juego de clavijas nuevas, incluyendo piezas de alta calidad. Cobro tan solo $350 por desmontar el viol\u00edn, reparar hasta tres grietas y volver a montarlo en perfecto estado, pero los accesorios no est\u00e1n incluidos. Tengo cuerdas y piezas de viol\u00edn, y puedo pedir cualquier cosa que no tenga en stock.<\/p>\n<p>Me enorgullezco de ser directo y directo con mis clientes, y espero poder servirles lo mejor posible. Mi lema es &quot;LA HONESTIDAD ES LA MEJOR POL\u00cdTICA&quot;. No ofrezco valoraciones escritas, pero s\u00ed opiniones y recomendaciones verbales fundamentadas y gratuitas.<\/p>\n<p>Tengo m\u00e1s de 30 a\u00f1os de experiencia en la construcci\u00f3n y restauraci\u00f3n de instrumentos musicales. He dedicado mi tiempo aproximadamente a la mitad de la construcci\u00f3n de clavicordios (instrumentos de teclado barrocos) y a la restauraci\u00f3n de violines. Durante los \u00faltimos 18 a\u00f1os me he centrado en los violines, mejorando poco a poco mis habilidades y mi inventario. Ahora que nos hemos mudado a Australia, nuestro inventario es menor, pero contamos con todas las herramientas y materiales para realizar un trabajo de primera en la configuraci\u00f3n de su viol\u00edn.<\/p>\n<p>Tengo alrededor de 9 a\u00f1os de aprendizaje con el fabricante de violas C.Martin Kob, Yucaipa CA, el fabricante de arcos T. Burdell Tenney, Redlands CA y la fabricante de violines Ruth Evans, Riverside CA.<\/p>\n\t\t\t\t<img decoding=\"async\" src=\"https:\/\/taylorsfineviolins.com\/wp-content\/uploads\/2022\/09\/violin1.png\" alt=\"Close-up of a violin&#039;s body and strings.\" itemprop=\"image\" height=\"337\" width=\"197\" title=\"violin1\" onerror=\"this.style.display='none'\" class=\"no-lazyload\" \/>\n\t\t\t\t<img decoding=\"async\" src=\"https:\/\/taylorsfineviolins.com\/wp-content\/uploads\/2022\/09\/violin2.png\" alt=\"Various views of a violin and its scroll.\" itemprop=\"image\" height=\"337\" width=\"544\" title=\"violin2\" onerror=\"this.style.display='none'\" class=\"no-lazyload\" \/>\n\t\t\t\t<img decoding=\"async\" src=\"https:\/\/taylorsfineviolins.com\/wp-content\/uploads\/2022\/09\/violin1.png\" alt=\"Close-up of a violin&#039;s body and strings.\" itemprop=\"image\" height=\"337\" width=\"197\" title=\"violin1\" onerror=\"this.style.display='none'\" class=\"no-lazyload\" \/>","protected":false},"excerpt":{"rendered":"<p>TIENDA DE VIOL\u00cdNES TAYLOR&#039;S FINE VIOLINS en Orange, NSW. LA TIENDA DE VIOL\u00cdNES Lyndon J. Taylor. Tienda de violines Taylor&#039;s Fine Violins. Su especialista en violines antiguos. M\u00e1s informaci\u00f3n. Prefiero atender con cita previa, as\u00ed que llame primero. Lunes a s\u00e1bado, de 10:00 a 19:00. (02 6394 6424). La tienda de violines Taylor&#039;s Fine Violins ahora es Taylor&#039;s Fine Violins, Orange. Tenemos\u2026<\/p>","protected":false},"author":1,"featured_media":0,"parent":0,"menu_order":0,"comment_status":"closed","ping_status":"closed","template":"","meta":{"_coblocks_attr":"","_coblocks_dimensions":"","_coblocks_responsive_height":"","_coblocks_accordion_ie_support":"","footnotes":""},"class_list":["post-8","page","type-page","status-publish","hentry"],"yoast_head":"<!-- This site is optimized with the Yoast SEO plugin v27.6 - https:\/\/yoast.com\/product\/yoast-seo-wordpress\/ -->\n<title>Violin Store in Redlands, CA | Taylor\u2019s Fine Violins<\/title>\n<meta name=\"description\" content=\"Visit the website of Taylor\u2019s Fine Violins, a violin store in Redlands, CA to learn more about my products and services.\" \/>\n<meta name=\"robots\" content=\"index, follow, max-snippet:-1, max-image-preview:large, max-video-preview:-1\" \/>\n<link rel=\"canonical\" href=\"https:\/\/taylorsfineviolins.com\/es\/\" \/>\n<meta property=\"og:locale\" content=\"es_MX\" \/>\n<meta property=\"og:type\" content=\"article\" \/>\n<meta property=\"og:title\" content=\"Violin Store in Redlands, CA | Taylor\u2019s Fine Violins\" \/>\n<meta property=\"og:description\" content=\"Visit the website of Taylor\u2019s Fine Violins, a violin store in Redlands, CA to learn more about my products and services.\" \/>\n<meta property=\"og:url\" content=\"https:\/\/taylorsfineviolins.com\/es\/\" \/>\n<meta property=\"og:site_name\" content=\"Taylor&#039;s Fine Violins\" \/>\n<meta property=\"article:modified_time\" content=\"2026-01-21T17:47:24+00:00\" \/>\n<meta property=\"og:image\" content=\"https:\/\/taylorsfineviolins.com\/wp-content\/uploads\/2023\/05\/Untitled-design-32.png\" \/>\n<meta name=\"twitter:card\" content=\"summary_large_image\" \/>\n<meta name=\"twitter:label1\" content=\"Tiempo de lectura\" \/>\n\t<meta name=\"twitter:data1\" content=\"4 minutos\" \/>\n<script type=\"application\/ld+json\" class=\"yoast-schema-graph\">{\"@context\":\"https:\\\/\\\/schema.org\",\"@graph\":[{\"@type\":\"WebPage\",\"@id\":\"https:\\\/\\\/taylorsfineviolins.com\\\/en\\\/\",\"url\":\"https:\\\/\\\/taylorsfineviolins.com\\\/en\\\/\",\"name\":\"Violin Store in Redlands, CA | Taylor\u2019s Fine Violins\",\"isPartOf\":{\"@id\":\"https:\\\/\\\/taylorsfineviolins.com\\\/en\\\/#website\"},\"primaryImageOfPage\":{\"@id\":\"https:\\\/\\\/taylorsfineviolins.com\\\/en\\\/#primaryimage\"},\"image\":{\"@id\":\"https:\\\/\\\/taylorsfineviolins.com\\\/en\\\/#primaryimage\"},\"thumbnailUrl\":\"https:\\\/\\\/taylorsfineviolins.com\\\/wp-content\\\/uploads\\\/2023\\\/05\\\/Untitled-design-32.png\",\"datePublished\":\"2022-08-23T20:58:35+00:00\",\"dateModified\":\"2026-01-21T17:47:24+00:00\",\"description\":\"Visit the website of Taylor\u2019s Fine Violins, a violin store in Redlands, CA to learn more about my products and services.\",\"breadcrumb\":{\"@id\":\"https:\\\/\\\/taylorsfineviolins.com\\\/en\\\/#breadcrumb\"},\"inLanguage\":\"es\",\"potentialAction\":[{\"@type\":\"ReadAction\",\"target\":[\"https:\\\/\\\/taylorsfineviolins.com\\\/en\\\/\"]}]},{\"@type\":\"ImageObject\",\"inLanguage\":\"es\",\"@id\":\"https:\\\/\\\/taylorsfineviolins.com\\\/en\\\/#primaryimage\",\"url\":\"https:\\\/\\\/taylorsfineviolins.com\\\/wp-content\\\/uploads\\\/2023\\\/05\\\/Untitled-design-32.png\",\"contentUrl\":\"https:\\\/\\\/taylorsfineviolins.com\\\/wp-content\\\/uploads\\\/2023\\\/05\\\/Untitled-design-32.png\"},{\"@type\":\"BreadcrumbList\",\"@id\":\"https:\\\/\\\/taylorsfineviolins.com\\\/en\\\/#breadcrumb\",\"itemListElement\":[{\"@type\":\"ListItem\",\"position\":1,\"name\":\"Home\",\"item\":\"https:\\\/\\\/taylorsfineviolins.com\\\/en\\\/\"},{\"@type\":\"ListItem\",\"position\":2,\"name\":\"Home\"}]},{\"@type\":\"WebSite\",\"@id\":\"https:\\\/\\\/taylorsfineviolins.com\\\/en\\\/#website\",\"url\":\"https:\\\/\\\/taylorsfineviolins.com\\\/en\\\/\",\"name\":\"Taylor&#039;s Fine Violins\",\"description\":\"Honesty is the best policy\",\"potentialAction\":[{\"@type\":\"SearchAction\",\"target\":{\"@type\":\"EntryPoint\",\"urlTemplate\":\"https:\\\/\\\/taylorsfineviolins.com\\\/en\\\/?s={search_term_string}\"},\"query-input\":{\"@type\":\"PropertyValueSpecification\",\"valueRequired\":true,\"valueName\":\"search_term_string\"}}],\"inLanguage\":\"es\"}]}<\/script>\n<!-- \/ Yoast SEO plugin. -->","yoast_head_json":{"title":"Tienda de violines en Redlands, CA | Taylor&#039;s Fine Violins","description":"Visite el sitio web de Taylor&#039;s Fine Violins, una tienda de violines en Redlands, CA para obtener m\u00e1s informaci\u00f3n sobre mis productos y servicios.","robots":{"index":"index","follow":"follow","max-snippet":"max-snippet:-1","max-image-preview":"max-image-preview:large","max-video-preview":"max-video-preview:-1"},"canonical":"https:\/\/taylorsfineviolins.com\/es\/","og_locale":"es_MX","og_type":"article","og_title":"Violin Store in Redlands, CA | Taylor\u2019s Fine Violins","og_description":"Visit the website of Taylor\u2019s Fine Violins, a violin store in Redlands, CA to learn more about my products and services.","og_url":"https:\/\/taylorsfineviolins.com\/es\/","og_site_name":"Taylor&#039;s Fine Violins","article_modified_time":"2026-01-21T17:47:24+00:00","og_image":[{"url":"https:\/\/taylorsfineviolins.com\/wp-content\/uploads\/2023\/05\/Untitled-design-32.png","type":"","width":"","height":""}],"twitter_card":"summary_large_image","twitter_misc":{"Tiempo de lectura":"4 minutos"},"schema":{"@context":"https:\/\/schema.org","@graph":[{"@type":"WebPage","@id":"https:\/\/taylorsfineviolins.com\/en\/","url":"https:\/\/taylorsfineviolins.com\/en\/","name":"Tienda de violines en Redlands, CA | Taylor&#039;s Fine Violins","isPartOf":{"@id":"https:\/\/taylorsfineviolins.com\/en\/#website"},"primaryImageOfPage":{"@id":"https:\/\/taylorsfineviolins.com\/en\/#primaryimage"},"image":{"@id":"https:\/\/taylorsfineviolins.com\/en\/#primaryimage"},"thumbnailUrl":"https:\/\/taylorsfineviolins.com\/wp-content\/uploads\/2023\/05\/Untitled-design-32.png","datePublished":"2022-08-23T20:58:35+00:00","dateModified":"2026-01-21T17:47:24+00:00","description":"Visite el sitio web de Taylor&#039;s Fine Violins, una tienda de violines en Redlands, CA para obtener m\u00e1s informaci\u00f3n sobre mis productos y servicios.","breadcrumb":{"@id":"https:\/\/taylorsfineviolins.com\/en\/#breadcrumb"},"inLanguage":"es","potentialAction":[{"@type":"ReadAction","target":["https:\/\/taylorsfineviolins.com\/en\/"]}]},{"@type":"ImageObject","inLanguage":"es","@id":"https:\/\/taylorsfineviolins.com\/en\/#primaryimage","url":"https:\/\/taylorsfineviolins.com\/wp-content\/uploads\/2023\/05\/Untitled-design-32.png","contentUrl":"https:\/\/taylorsfineviolins.com\/wp-content\/uploads\/2023\/05\/Untitled-design-32.png"},{"@type":"BreadcrumbList","@id":"https:\/\/taylorsfineviolins.com\/en\/#breadcrumb","itemListElement":[{"@type":"ListItem","position":1,"name":"Home","item":"https:\/\/taylorsfineviolins.com\/en\/"},{"@type":"ListItem","position":2,"name":"Home"}]},{"@type":"WebSite","@id":"https:\/\/taylorsfineviolins.com\/en\/#website","url":"https:\/\/taylorsfineviolins.com\/en\/","name":"Violines finos de Taylor&amp;#039","description":"La honestidad es la mejor pol\u00edtica","potentialAction":[{"@type":"SearchAction","target":{"@type":"EntryPoint","urlTemplate":"https:\/\/taylorsfineviolins.com\/en\/?s={search_term_string}"},"query-input":{"@type":"PropertyValueSpecification","valueRequired":true,"valueName":"search_term_string"}}],"inLanguage":"es"}]}},"_links":{"self":[{"href":"https:\/\/taylorsfineviolins.com\/es\/wp-json\/wp\/v2\/pages\/8","targetHints":{"allow":["GET"]}}],"collection":[{"href":"https:\/\/taylorsfineviolins.com\/es\/wp-json\/wp\/v2\/pages"}],"about":[{"href":"https:\/\/taylorsfineviolins.com\/es\/wp-json\/wp\/v2\/types\/page"}],"author":[{"embeddable":true,"href":"https:\/\/taylorsfineviolins.com\/es\/wp-json\/wp\/v2\/users\/1"}],"replies":[{"embeddable":true,"href":"https:\/\/taylorsfineviolins.com\/es\/wp-json\/wp\/v2\/comments?post=8"}],"version-history":[{"count":5,"href":"https:\/\/taylorsfineviolins.com\/es\/wp-json\/wp\/v2\/pages\/8\/revisions"}],"predecessor-version":[{"id":558,"href":"https:\/\/taylorsfineviolins.com\/es\/wp-json\/wp\/v2\/pages\/8\/revisions\/558"}],"wp:attachment":[{"href":"https:\/\/taylorsfineviolins.com\/es\/wp-json\/wp\/v2\/media?parent=8"}],"curies":[{"name":"gracias","href":"https:\/\/api.w.org\/{rel}","templated":true}]}}